{"id":212,"date":"2022-05-18T11:39:12","date_gmt":"2022-05-18T09:39:12","guid":{"rendered":"https:\/\/iam.tugraz.at\/main-website\/?page_id=212"},"modified":"2026-03-03T12:00:19","modified_gmt":"2026-03-03T11:00:19","slug":"einschulungstermine","status":"publish","type":"page","link":"https:\/\/iam.tugraz.at\/main-website\/einschulungstermine\/","title":{"rendered":"Einschulungs-Termine"},"content":{"rendered":"<p><strong>Einschulungen in die Arbeit und Handhabung der Lasercutter<\/strong><\/p>\n<ul>\n<li>Einschulungstermine f\u00fcr das SoSe 2026 beginnen Montag, 09. M\u00e4rz 2026, von <strong>17:00 &#8211; 19:00<\/strong> Uhr in der Digitalwerkstatt, Kronesgasse 5, Kellergescho\u00df.Die Einschulungstermine finden dann w\u00f6chentlich montags zu dieser Zeit statt.Bei Interesse, bitte im vorhinein bei unserem Studienassistenten Jasmin Elmazovski melden:<br \/>\n<strong>Email:<\/strong> jasmin.elmazovski@tugraz.at.<br \/>\n.<\/li>\n<li>F\u00fcr alle Studierenden und TU MitarbeiterInnen gibt es auch TUube Tutorials zu drei unserer Lasercutter und einen Test im TeachCenter:<br \/>\nsiehe -&gt; <a href=\"https:\/\/iam.tugraz.at\/main-website\/onlinetest-lasercutter\/\">[x]<\/a><\/li>\n<\/ul>\n<p>F\u00fcr Fragen k\u00f6nnen Sie sich gerne ans Sekretariat wenden:<\/p>\n<p><strong>Institut f\u00fcr Architektur und Medien<\/strong><\/p>\n<p><strong>Tel.:<\/strong> 0316 &#8211; 873 &#8211; 4736<br \/>\n<strong>Email:<\/strong> iam_info@tugraz.at<br \/>\n<strong>Adresse:<\/strong> Kronesgasse 5, <span style=\"color: #ff0000;\">3. Stock<\/span>, 8010 Graz<\/p>\n<p>Weitere allgemeine Infos -&gt; <a href=\"https:\/\/iam.tugraz.at\/digitalwerkstatt\/lasercutter.php\" target=\"_blank\" rel=\"noopener\">Digitalwerkstatt<\/a><\/p>\n<p><em>Anmerkungen<\/em><\/p>\n<ul>\n<li><em>Die Ben\u00fctzung der Lasercutter darf ausschlie\u00dflich nach erfolgter Einschulung erfolgen.<\/em><\/li>\n<li><em>In der lehrveranstaltungsfreien Zeit bzw. in den jeweiligen Ferien finden in der Regel keine Einschulungstermine statt!<\/em><\/li>\n<\/ul>\n","protected":false},"excerpt":{"rendered":"<p>Einschulungen in die Arbeit und Handhabung der Lasercutter Einschulungstermine f\u00fcr das SoSe 2026 beginnen Montag, 09. M\u00e4rz 2026, von 17:00 &#8211; 19:00 Uhr in der Digitalwerkstatt, Kronesgasse 5, Kellergescho\u00df.Die Einschulungstermine finden dann w\u00f6chentlich montags zu dieser Zeit statt.Bei Interesse, bitte im vorhinein bei unserem Studienassistenten Jasmin Elmazovski melden: Email: jasmin.elmazovski@tugraz.at. . F\u00fcr alle Studierenden und<a class=\"read-more\" href=\"https:\/\/iam.tugraz.at\/main-website\/einschulungstermine\/\"> [&#8230;]<\/a><\/p>\n","protected":false},"author":2,"featured_media":0,"parent":0,"menu_order":0,"comment_status":"closed","ping_status":"closed","template":"","meta":{"_acf_changed":false,"footnotes":""},"class_list":["post-212","page","type-page","status-publish","hentry"],"acf":[],"yoast_head":"<!-- This site is optimized with the Yoast SEO plugin v27.5 - https:\/\/yoast.com\/product\/yoast-seo-wordpress\/ -->\n<title>Einschulungs-Termine - IAM Webseite<\/title>\n<meta name=\"robots\" content=\"index, follow, max-snippet:-1, max-image-preview:large, max-video-preview:-1\" \/>\n<link rel=\"canonical\" href=\"https:\/\/iam.tugraz.at\/main-website\/einschulungstermine\/\" \/>\n<meta property=\"og:locale\" content=\"de_DE\" \/>\n<meta property=\"og:type\" content=\"article\" \/>\n<meta property=\"og:title\" content=\"Einschulungs-Termine - IAM Webseite\" \/>\n<meta property=\"og:description\" content=\"Einschulungen in die Arbeit und Handhabung der Lasercutter Einschulungstermine f\u00fcr das SoSe 2026 beginnen Montag, 09. M\u00e4rz 2026, von 17:00 &#8211; 19:00 Uhr in der Digitalwerkstatt, Kronesgasse 5, Kellergescho\u00df.Die Einschulungstermine finden dann w\u00f6chentlich montags zu dieser Zeit statt.Bei Interesse, bitte im vorhinein bei unserem Studienassistenten Jasmin Elmazovski melden: Email: jasmin.elmazovski@tugraz.at. . F\u00fcr alle Studierenden und [...]\" \/>\n<meta property=\"og:url\" content=\"https:\/\/iam.tugraz.at\/main-website\/einschulungstermine\/\" \/>\n<meta property=\"og:site_name\" content=\"IAM Webseite\" \/>\n<meta property=\"article:publisher\" content=\"https:\/\/www.instagram.com\/iam_tugraz\/\" \/>\n<meta property=\"article:modified_time\" content=\"2026-03-03T11:00:19+00:00\" \/>\n<meta name=\"twitter:card\" content=\"summary_large_image\" \/>\n<meta name=\"twitter:label1\" content=\"Gesch\u00e4tzte Lesezeit\" \/>\n\t<meta name=\"twitter:data1\" content=\"1\u00a0Minute\" \/>\n<script type=\"application\/ld+json\" class=\"yoast-schema-graph\">{\"@context\":\"https:\\\/\\\/schema.org\",\"@graph\":[{\"@type\":\"WebPage\",\"@id\":\"https:\\\/\\\/iam.tugraz.at\\\/main-website\\\/einschulungstermine\\\/\",\"url\":\"https:\\\/\\\/iam.tugraz.at\\\/main-website\\\/einschulungstermine\\\/\",\"name\":\"Einschulungs-Termine - IAM Webseite\",\"isPartOf\":{\"@id\":\"https:\\\/\\\/iam.tugraz.at\\\/main-website\\\/#website\"},\"datePublished\":\"2022-05-18T09:39:12+00:00\",\"dateModified\":\"2026-03-03T11:00:19+00:00\",\"breadcrumb\":{\"@id\":\"https:\\\/\\\/iam.tugraz.at\\\/main-website\\\/einschulungstermine\\\/#breadcrumb\"},\"inLanguage\":\"de\",\"potentialAction\":[{\"@type\":\"ReadAction\",\"target\":[\"https:\\\/\\\/iam.tugraz.at\\\/main-website\\\/einschulungstermine\\\/\"]}]},{\"@type\":\"BreadcrumbList\",\"@id\":\"https:\\\/\\\/iam.tugraz.at\\\/main-website\\\/einschulungstermine\\\/#breadcrumb\",\"itemListElement\":[{\"@type\":\"ListItem\",\"position\":1,\"name\":\"Home\",\"item\":\"https:\\\/\\\/iam.tugraz.at\\\/main-website\\\/\"},{\"@type\":\"ListItem\",\"position\":2,\"name\":\"Einschulungs-Termine\"}]},{\"@type\":\"WebSite\",\"@id\":\"https:\\\/\\\/iam.tugraz.at\\\/main-website\\\/#website\",\"url\":\"https:\\\/\\\/iam.tugraz.at\\\/main-website\\\/\",\"name\":\"IAM Webseite\",\"description\":\"Website des TU Graz Instituts f\u00fcr Architektur und Medien\",\"publisher\":{\"@id\":\"https:\\\/\\\/iam.tugraz.at\\\/main-website\\\/#organization\"},\"potentialAction\":[{\"@type\":\"SearchAction\",\"target\":{\"@type\":\"EntryPoint\",\"urlTemplate\":\"https:\\\/\\\/iam.tugraz.at\\\/main-website\\\/?s={search_term_string}\"},\"query-input\":{\"@type\":\"PropertyValueSpecification\",\"valueRequired\":true,\"valueName\":\"search_term_string\"}}],\"inLanguage\":\"de\"},{\"@type\":\"Organization\",\"@id\":\"https:\\\/\\\/iam.tugraz.at\\\/main-website\\\/#organization\",\"name\":\"Graz University of Technology, Institute of Architecture and Media\",\"url\":\"https:\\\/\\\/iam.tugraz.at\\\/main-website\\\/\",\"logo\":{\"@type\":\"ImageObject\",\"inLanguage\":\"de\",\"@id\":\"https:\\\/\\\/iam.tugraz.at\\\/main-website\\\/#\\\/schema\\\/logo\\\/image\\\/\",\"url\":\"https:\\\/\\\/iam.tugraz.at\\\/main-website\\\/wp-content\\\/uploads\\\/2026\\\/03\\\/IAM-Logo.png\",\"contentUrl\":\"https:\\\/\\\/iam.tugraz.at\\\/main-website\\\/wp-content\\\/uploads\\\/2026\\\/03\\\/IAM-Logo.png\",\"width\":2484,\"height\":2484,\"caption\":\"Graz University of Technology, Institute of Architecture and Media\"},\"image\":{\"@id\":\"https:\\\/\\\/iam.tugraz.at\\\/main-website\\\/#\\\/schema\\\/logo\\\/image\\\/\"},\"sameAs\":[\"https:\\\/\\\/www.instagram.com\\\/iam_tugraz\\\/\"]}]}<\/script>\n<!-- \/ Yoast SEO plugin. -->","yoast_head_json":{"title":"Einschulungs-Termine - IAM Webseite","robots":{"index":"index","follow":"follow","max-snippet":"max-snippet:-1","max-image-preview":"max-image-preview:large","max-video-preview":"max-video-preview:-1"},"canonical":"https:\/\/iam.tugraz.at\/main-website\/einschulungstermine\/","og_locale":"de_DE","og_type":"article","og_title":"Einschulungs-Termine - IAM Webseite","og_description":"Einschulungen in die Arbeit und Handhabung der Lasercutter Einschulungstermine f\u00fcr das SoSe 2026 beginnen Montag, 09. M\u00e4rz 2026, von 17:00 &#8211; 19:00 Uhr in der Digitalwerkstatt, Kronesgasse 5, Kellergescho\u00df.Die Einschulungstermine finden dann w\u00f6chentlich montags zu dieser Zeit statt.Bei Interesse, bitte im vorhinein bei unserem Studienassistenten Jasmin Elmazovski melden: Email: jasmin.elmazovski@tugraz.at. . F\u00fcr alle Studierenden und [...]","og_url":"https:\/\/iam.tugraz.at\/main-website\/einschulungstermine\/","og_site_name":"IAM Webseite","article_publisher":"https:\/\/www.instagram.com\/iam_tugraz\/","article_modified_time":"2026-03-03T11:00:19+00:00","twitter_card":"summary_large_image","twitter_misc":{"Gesch\u00e4tzte Lesezeit":"1\u00a0Minute"},"schema":{"@context":"https:\/\/schema.org","@graph":[{"@type":"WebPage","@id":"https:\/\/iam.tugraz.at\/main-website\/einschulungstermine\/","url":"https:\/\/iam.tugraz.at\/main-website\/einschulungstermine\/","name":"Einschulungs-Termine - IAM Webseite","isPartOf":{"@id":"https:\/\/iam.tugraz.at\/main-website\/#website"},"datePublished":"2022-05-18T09:39:12+00:00","dateModified":"2026-03-03T11:00:19+00:00","breadcrumb":{"@id":"https:\/\/iam.tugraz.at\/main-website\/einschulungstermine\/#breadcrumb"},"inLanguage":"de","potentialAction":[{"@type":"ReadAction","target":["https:\/\/iam.tugraz.at\/main-website\/einschulungstermine\/"]}]},{"@type":"BreadcrumbList","@id":"https:\/\/iam.tugraz.at\/main-website\/einschulungstermine\/#breadcrumb","itemListElement":[{"@type":"ListItem","position":1,"name":"Home","item":"https:\/\/iam.tugraz.at\/main-website\/"},{"@type":"ListItem","position":2,"name":"Einschulungs-Termine"}]},{"@type":"WebSite","@id":"https:\/\/iam.tugraz.at\/main-website\/#website","url":"https:\/\/iam.tugraz.at\/main-website\/","name":"IAM Webseite","description":"Website des TU Graz Instituts f\u00fcr Architektur und Medien","publisher":{"@id":"https:\/\/iam.tugraz.at\/main-website\/#organization"},"potentialAction":[{"@type":"SearchAction","target":{"@type":"EntryPoint","urlTemplate":"https:\/\/iam.tugraz.at\/main-website\/?s={search_term_string}"},"query-input":{"@type":"PropertyValueSpecification","valueRequired":true,"valueName":"search_term_string"}}],"inLanguage":"de"},{"@type":"Organization","@id":"https:\/\/iam.tugraz.at\/main-website\/#organization","name":"Graz University of Technology, Institute of Architecture and Media","url":"https:\/\/iam.tugraz.at\/main-website\/","logo":{"@type":"ImageObject","inLanguage":"de","@id":"https:\/\/iam.tugraz.at\/main-website\/#\/schema\/logo\/image\/","url":"https:\/\/iam.tugraz.at\/main-website\/wp-content\/uploads\/2026\/03\/IAM-Logo.png","contentUrl":"https:\/\/iam.tugraz.at\/main-website\/wp-content\/uploads\/2026\/03\/IAM-Logo.png","width":2484,"height":2484,"caption":"Graz University of Technology, Institute of Architecture and Media"},"image":{"@id":"https:\/\/iam.tugraz.at\/main-website\/#\/schema\/logo\/image\/"},"sameAs":["https:\/\/www.instagram.com\/iam_tugraz\/"]}]}},"_links":{"self":[{"href":"https:\/\/iam.tugraz.at\/main-website\/wp-json\/wp\/v2\/pages\/212","targetHints":{"allow":["GET"]}}],"collection":[{"href":"https:\/\/iam.tugraz.at\/main-website\/wp-json\/wp\/v2\/pages"}],"about":[{"href":"https:\/\/iam.tugraz.at\/main-website\/wp-json\/wp\/v2\/types\/page"}],"author":[{"embeddable":true,"href":"https:\/\/iam.tugraz.at\/main-website\/wp-json\/wp\/v2\/users\/2"}],"replies":[{"embeddable":true,"href":"https:\/\/iam.tugraz.at\/main-website\/wp-json\/wp\/v2\/comments?post=212"}],"version-history":[{"count":51,"href":"https:\/\/iam.tugraz.at\/main-website\/wp-json\/wp\/v2\/pages\/212\/revisions"}],"predecessor-version":[{"id":7054,"href":"https:\/\/iam.tugraz.at\/main-website\/wp-json\/wp\/v2\/pages\/212\/revisions\/7054"}],"wp:attachment":[{"href":"https:\/\/iam.tugraz.at\/main-website\/wp-json\/wp\/v2\/media?parent=212"}],"curies":[{"name":"wp","href":"https:\/\/api.w.org\/{rel}","templated":true}]}}