{"id":85,"date":"2022-05-17T12:00:35","date_gmt":"2022-05-17T10:00:35","guid":{"rendered":"https:\/\/iam.tugraz.at\/main-website\/?page_id=85"},"modified":"2022-05-18T11:14:50","modified_gmt":"2022-05-18T09:14:50","slug":"about","status":"publish","type":"page","link":"https:\/\/iam.tugraz.at\/main-website\/about\/","title":{"rendered":"About"},"content":{"rendered":"\r\n<p>Das Institut f\u00fcr Architektur und Medien (IAM) an der TU Graz besch\u00e4ftigt sich mit der Erforschung und Anwendung von digitalen Medien in der Architektur und im Entwurf. Das Leitmotiv des Instituts ist \u201eAugmented Architecture\u201c, das hei\u00dft, wir gehen von einem durch die digitalen Medien erweiterten Architekturbegriff aus. Die Erweiterungen betreffen dabei vier Hauptbereiche:<\/p>\r\n\r\n\r\n\r\n<ol class=\"wp-block-list\">\r\n<li><strong>Computer als Werkzeug<\/strong>: Eine Vielzahl von Simulations-, Planungs- und Gestaltungstools erm\u00f6glicht neue Entwurfsmethoden.<\/li>\r\n<li><strong>Computer als Kommunikationsmedium<\/strong>: Die vernetzte Welt er\u00f6ffnet der Architektur neue Formen der Zusammenarbeit und der kollektiven Kreativit\u00e4t.<\/li>\r\n<li><strong>Computer als Teil des Bauprozesses<\/strong>: Digitale Fabrikationstechniken, (CAD\/CAM, Rapid Prototyping, Bauroboter etc.) erweitern das Repertoire an Bauweisen und -formen.<\/li>\r\n<li><strong>Computer als Teil der Architektur<\/strong>: Sensoren, Aktoren, digitale Steuerungen und interaktive Elemente werden immer mehr zum Bestandteil unserer gebauten Umwelt.<\/li>\r\n<\/ol>\r\n\r\n\r\n\r\n<p>In allen vier Bereichen gibt es f\u00fcr die Architektur ein gro\u00dfes Potenzial zu erkunden und zu erschlie\u00dfen. Daf\u00fcr bedarf es einer offenen, spielerisch-experimentellen, zugleich aber fundiert-kritischen Haltung in der Auseinandersetzung mit diesen neuen M\u00f6glichkeiten. Um wirklich absch\u00e4tzen zu k\u00f6nnen, was in einer neuen Technologie, einer neuen Fabrikationsmethode steckt, muss man an die Grenzen gehen, Dinge anders verwenden als vorgesehen, sie sich aneignen. F\u00fcr diesen Aneignungsprozess ist es wesentlich, sich nicht mit der Rolle des reinen Anwenders zufrieden zu geben, sondern die neuen Techniken an die Bed\u00fcrfnisse anzupassen. Besonders f\u00fcr den Einsatz im Entwurf, wo es auch um Intuition und um den effizienten Umgang mit Komplexit\u00e4t geht, ist es wesentlich, die Werkzeuge, mit denen man arbeitet, genau zu verstehen und zu kontrollieren. Daf\u00fcr sind unserer Erfahrung nach grundlegende Kenntnisse im Scripting, der \u201elingua franca\u201c der neuen Medien, unabdingbar, weswegen wir an der TU Graz den angehenden Architektinnen und Architekten diese Kenntnisse schon in der Bachelorausbildung vermitteln. Die mannigfaltigen Erweiterungen des Architekturschaffens, die sich derzeit als \u201eAugmented Architecture\u201c vor uns auftun, sind Ansporn, diese Entwicklungen selbst mitzugestalten. Es ist wichtiger denn je, dass wir auch die Art, wie wir entwerfen, entwerfen.<\/p>\r\n\r\n\r\n","protected":false},"excerpt":{"rendered":"<p>Das Institut f\u00fcr Architektur und Medien (IAM) an der TU Graz besch\u00e4ftigt sich mit der Erforschung und Anwendung von digitalen Medien in der Architektur und im Entwurf. Das Leitmotiv des Instituts ist \u201eAugmented Architecture\u201c, das hei\u00dft, wir gehen von einem durch die digitalen Medien erweiterten Architekturbegriff aus. Die Erweiterungen betreffen dabei vier Hauptbereiche: Computer als<a class=\"read-more\" href=\"https:\/\/iam.tugraz.at\/main-website\/about\/\"> [&#8230;]<\/a><\/p>\n","protected":false},"author":2,"featured_media":0,"parent":0,"menu_order":0,"comment_status":"closed","ping_status":"closed","template":"","meta":{"_acf_changed":false,"footnotes":""},"class_list":["post-85","page","type-page","status-publish","hentry"],"acf":[],"yoast_head":"<!-- This site is optimized with the Yoast SEO plugin v27.5 - https:\/\/yoast.com\/product\/yoast-seo-wordpress\/ -->\n<title>About - IAM Webseite<\/title>\n<meta name=\"robots\" content=\"index, follow, max-snippet:-1, max-image-preview:large, max-video-preview:-1\" \/>\n<link rel=\"canonical\" href=\"https:\/\/iam.tugraz.at\/main-website\/about\/\" \/>\n<meta property=\"og:locale\" content=\"de_DE\" \/>\n<meta property=\"og:type\" content=\"article\" \/>\n<meta property=\"og:title\" content=\"About - IAM Webseite\" \/>\n<meta property=\"og:description\" content=\"Das Institut f\u00fcr Architektur und Medien (IAM) an der TU Graz besch\u00e4ftigt sich mit der Erforschung und Anwendung von digitalen Medien in der Architektur und im Entwurf. Das Leitmotiv des Instituts ist \u201eAugmented Architecture\u201c, das hei\u00dft, wir gehen von einem durch die digitalen Medien erweiterten Architekturbegriff aus. Die Erweiterungen betreffen dabei vier Hauptbereiche: Computer als [...]\" \/>\n<meta property=\"og:url\" content=\"https:\/\/iam.tugraz.at\/main-website\/about\/\" \/>\n<meta property=\"og:site_name\" content=\"IAM Webseite\" \/>\n<meta property=\"article:publisher\" content=\"https:\/\/www.instagram.com\/iam_tugraz\/\" \/>\n<meta property=\"article:modified_time\" content=\"2022-05-18T09:14:50+00:00\" \/>\n<meta name=\"twitter:card\" content=\"summary_large_image\" \/>\n<meta name=\"twitter:label1\" content=\"Gesch\u00e4tzte Lesezeit\" \/>\n\t<meta name=\"twitter:data1\" content=\"2\u00a0Minuten\" \/>\n<script type=\"application\/ld+json\" class=\"yoast-schema-graph\">{\"@context\":\"https:\\\/\\\/schema.org\",\"@graph\":[{\"@type\":\"WebPage\",\"@id\":\"https:\\\/\\\/iam.tugraz.at\\\/main-website\\\/about\\\/\",\"url\":\"https:\\\/\\\/iam.tugraz.at\\\/main-website\\\/about\\\/\",\"name\":\"About - IAM Webseite\",\"isPartOf\":{\"@id\":\"https:\\\/\\\/iam.tugraz.at\\\/main-website\\\/#website\"},\"datePublished\":\"2022-05-17T10:00:35+00:00\",\"dateModified\":\"2022-05-18T09:14:50+00:00\",\"breadcrumb\":{\"@id\":\"https:\\\/\\\/iam.tugraz.at\\\/main-website\\\/about\\\/#breadcrumb\"},\"inLanguage\":\"de\",\"potentialAction\":[{\"@type\":\"ReadAction\",\"target\":[\"https:\\\/\\\/iam.tugraz.at\\\/main-website\\\/about\\\/\"]}]},{\"@type\":\"BreadcrumbList\",\"@id\":\"https:\\\/\\\/iam.tugraz.at\\\/main-website\\\/about\\\/#breadcrumb\",\"itemListElement\":[{\"@type\":\"ListItem\",\"position\":1,\"name\":\"Home\",\"item\":\"https:\\\/\\\/iam.tugraz.at\\\/main-website\\\/\"},{\"@type\":\"ListItem\",\"position\":2,\"name\":\"About\"}]},{\"@type\":\"WebSite\",\"@id\":\"https:\\\/\\\/iam.tugraz.at\\\/main-website\\\/#website\",\"url\":\"https:\\\/\\\/iam.tugraz.at\\\/main-website\\\/\",\"name\":\"IAM Webseite\",\"description\":\"Website des TU Graz Instituts f\u00fcr Architektur und Medien\",\"publisher\":{\"@id\":\"https:\\\/\\\/iam.tugraz.at\\\/main-website\\\/#organization\"},\"potentialAction\":[{\"@type\":\"SearchAction\",\"target\":{\"@type\":\"EntryPoint\",\"urlTemplate\":\"https:\\\/\\\/iam.tugraz.at\\\/main-website\\\/?s={search_term_string}\"},\"query-input\":{\"@type\":\"PropertyValueSpecification\",\"valueRequired\":true,\"valueName\":\"search_term_string\"}}],\"inLanguage\":\"de\"},{\"@type\":\"Organization\",\"@id\":\"https:\\\/\\\/iam.tugraz.at\\\/main-website\\\/#organization\",\"name\":\"Graz University of Technology, Institute of Architecture and Media\",\"url\":\"https:\\\/\\\/iam.tugraz.at\\\/main-website\\\/\",\"logo\":{\"@type\":\"ImageObject\",\"inLanguage\":\"de\",\"@id\":\"https:\\\/\\\/iam.tugraz.at\\\/main-website\\\/#\\\/schema\\\/logo\\\/image\\\/\",\"url\":\"https:\\\/\\\/iam.tugraz.at\\\/main-website\\\/wp-content\\\/uploads\\\/2026\\\/03\\\/IAM-Logo.png\",\"contentUrl\":\"https:\\\/\\\/iam.tugraz.at\\\/main-website\\\/wp-content\\\/uploads\\\/2026\\\/03\\\/IAM-Logo.png\",\"width\":2484,\"height\":2484,\"caption\":\"Graz University of Technology, Institute of Architecture and Media\"},\"image\":{\"@id\":\"https:\\\/\\\/iam.tugraz.at\\\/main-website\\\/#\\\/schema\\\/logo\\\/image\\\/\"},\"sameAs\":[\"https:\\\/\\\/www.instagram.com\\\/iam_tugraz\\\/\"]}]}<\/script>\n<!-- \/ Yoast SEO plugin. -->","yoast_head_json":{"title":"About - IAM Webseite","robots":{"index":"index","follow":"follow","max-snippet":"max-snippet:-1","max-image-preview":"max-image-preview:large","max-video-preview":"max-video-preview:-1"},"canonical":"https:\/\/iam.tugraz.at\/main-website\/about\/","og_locale":"de_DE","og_type":"article","og_title":"About - IAM Webseite","og_description":"Das Institut f\u00fcr Architektur und Medien (IAM) an der TU Graz besch\u00e4ftigt sich mit der Erforschung und Anwendung von digitalen Medien in der Architektur und im Entwurf. Das Leitmotiv des Instituts ist \u201eAugmented Architecture\u201c, das hei\u00dft, wir gehen von einem durch die digitalen Medien erweiterten Architekturbegriff aus. Die Erweiterungen betreffen dabei vier Hauptbereiche: Computer als [...]","og_url":"https:\/\/iam.tugraz.at\/main-website\/about\/","og_site_name":"IAM Webseite","article_publisher":"https:\/\/www.instagram.com\/iam_tugraz\/","article_modified_time":"2022-05-18T09:14:50+00:00","twitter_card":"summary_large_image","twitter_misc":{"Gesch\u00e4tzte Lesezeit":"2\u00a0Minuten"},"schema":{"@context":"https:\/\/schema.org","@graph":[{"@type":"WebPage","@id":"https:\/\/iam.tugraz.at\/main-website\/about\/","url":"https:\/\/iam.tugraz.at\/main-website\/about\/","name":"About - IAM Webseite","isPartOf":{"@id":"https:\/\/iam.tugraz.at\/main-website\/#website"},"datePublished":"2022-05-17T10:00:35+00:00","dateModified":"2022-05-18T09:14:50+00:00","breadcrumb":{"@id":"https:\/\/iam.tugraz.at\/main-website\/about\/#breadcrumb"},"inLanguage":"de","potentialAction":[{"@type":"ReadAction","target":["https:\/\/iam.tugraz.at\/main-website\/about\/"]}]},{"@type":"BreadcrumbList","@id":"https:\/\/iam.tugraz.at\/main-website\/about\/#breadcrumb","itemListElement":[{"@type":"ListItem","position":1,"name":"Home","item":"https:\/\/iam.tugraz.at\/main-website\/"},{"@type":"ListItem","position":2,"name":"About"}]},{"@type":"WebSite","@id":"https:\/\/iam.tugraz.at\/main-website\/#website","url":"https:\/\/iam.tugraz.at\/main-website\/","name":"IAM Webseite","description":"Website des TU Graz Instituts f\u00fcr Architektur und Medien","publisher":{"@id":"https:\/\/iam.tugraz.at\/main-website\/#organization"},"potentialAction":[{"@type":"SearchAction","target":{"@type":"EntryPoint","urlTemplate":"https:\/\/iam.tugraz.at\/main-website\/?s={search_term_string}"},"query-input":{"@type":"PropertyValueSpecification","valueRequired":true,"valueName":"search_term_string"}}],"inLanguage":"de"},{"@type":"Organization","@id":"https:\/\/iam.tugraz.at\/main-website\/#organization","name":"Graz University of Technology, Institute of Architecture and Media","url":"https:\/\/iam.tugraz.at\/main-website\/","logo":{"@type":"ImageObject","inLanguage":"de","@id":"https:\/\/iam.tugraz.at\/main-website\/#\/schema\/logo\/image\/","url":"https:\/\/iam.tugraz.at\/main-website\/wp-content\/uploads\/2026\/03\/IAM-Logo.png","contentUrl":"https:\/\/iam.tugraz.at\/main-website\/wp-content\/uploads\/2026\/03\/IAM-Logo.png","width":2484,"height":2484,"caption":"Graz University of Technology, Institute of Architecture and Media"},"image":{"@id":"https:\/\/iam.tugraz.at\/main-website\/#\/schema\/logo\/image\/"},"sameAs":["https:\/\/www.instagram.com\/iam_tugraz\/"]}]}},"_links":{"self":[{"href":"https:\/\/iam.tugraz.at\/main-website\/wp-json\/wp\/v2\/pages\/85","targetHints":{"allow":["GET"]}}],"collection":[{"href":"https:\/\/iam.tugraz.at\/main-website\/wp-json\/wp\/v2\/pages"}],"about":[{"href":"https:\/\/iam.tugraz.at\/main-website\/wp-json\/wp\/v2\/types\/page"}],"author":[{"embeddable":true,"href":"https:\/\/iam.tugraz.at\/main-website\/wp-json\/wp\/v2\/users\/2"}],"replies":[{"embeddable":true,"href":"https:\/\/iam.tugraz.at\/main-website\/wp-json\/wp\/v2\/comments?post=85"}],"version-history":[{"count":12,"href":"https:\/\/iam.tugraz.at\/main-website\/wp-json\/wp\/v2\/pages\/85\/revisions"}],"predecessor-version":[{"id":6247,"href":"https:\/\/iam.tugraz.at\/main-website\/wp-json\/wp\/v2\/pages\/85\/revisions\/6247"}],"wp:attachment":[{"href":"https:\/\/iam.tugraz.at\/main-website\/wp-json\/wp\/v2\/media?parent=85"}],"curies":[{"name":"wp","href":"https:\/\/api.w.org\/{rel}","templated":true}]}}