{"id":60,"date":"2022-07-05T15:08:59","date_gmt":"2022-07-05T13:08:59","guid":{"rendered":"https:\/\/iam.tugraz.at\/research\/shapelab\/?page_id=60"},"modified":"2026-03-10T17:11:37","modified_gmt":"2026-03-10T16:11:37","slug":"team","status":"publish","type":"page","link":"https:\/\/iam.tugraz.at\/research\/shapelab\/team\/","title":{"rendered":"Team &#8211; Phase 1"},"content":{"rendered":"\n<figure class=\"wp-block-image size-full\"><img loading=\"lazy\" decoding=\"async\" width=\"1920\" height=\"1080\" src=\"https:\/\/iam.tugraz.at\/research\/shapelab\/wp-content\/uploads\/2024\/06\/Team.jpg\" alt=\"\" class=\"wp-image-1315\"\/><\/figure>\n\n\n\n<p><br><strong>Subproject Leader:<\/strong><br><a href=\"https:\/\/iam.tugraz.at\/team\/en\/stavric-milena\/\">Milena Stavric<\/a>&nbsp;(<a href=\"https:\/\/www.researchgate.net\/profile\/Milena-Stavric\">ResearchGate<\/a>)<\/p>\n\n\n\n<p><strong>Project Members:<\/strong><br><a href=\"https:\/\/iam.tugraz.at\/en\/team\/jauk-julian\/\">Julian Jauk<\/a>&nbsp;(<a href=\"https:\/\/www.researchgate.net\/profile\/Julian-Jauk-2\">ResearchGate<\/a>)<br><a href=\"https:\/\/iam.tugraz.at\/en\/team\/vasatko-hana\/\">Hana Vasatko<\/a>&nbsp;(<a href=\"https:\/\/www.researchgate.net\/profile\/Hana-Vasatko\">ResearchGate<\/a>)<br><a href=\"https:\/\/iam.tugraz.at\/en\/team\/gosch-lukas\/\">Lukas Gosch<\/a>&nbsp;(<a href=\"https:\/\/www.researchgate.net\/profile\/Lukas-Gosch\">ResearchGate<\/a>)<\/p>\n\n\n\n<p><strong>Student Project Assistent<br><\/strong>Benedikt Kiefer<br><a href=\"https:\/\/iam.tugraz.at\/main-website\/team\/hausegger-bernd\/\">Bernd Hausegger<\/a><strong><br><\/strong><a href=\"https:\/\/iam.tugraz.at\/main-website\/en\/team\/vinicki-patrick\/\">Patrick Vinicki<\/a><br>Ivan Marjanovi\u0107<br><a href=\"https:\/\/iam.tugraz.at\/main-website\/en\/team\/hoffmann-kilian\/\">Kilian Hoffmann<\/a><br><a href=\"https:\/\/iam.tugraz.at\/main-website\/en\/team\/kleibel-mcgee-kilian\/\">Kilian Kleibel-McGee<\/a><br><a href=\"https:\/\/iam.tugraz.at\/main-website\/team\/ott-cornelia\/\">Cornelia Ott<\/a><br>Giulia Carletti<br><a href=\"https:\/\/iam.tugraz.at\/main-website\/en\/team\/ristoski-kristijan\/\">Kristian Ristoski<\/a><br>Nera D\u017eani\u0107<br>Thomas Tunariu<\/p>\n\n\n\n<p>External Consultant:<br><a href=\"https:\/\/www.ph-online.ac.at\/phst\/visitenkarte.show_vcard?pPersonenId=1485AF5142F28A6D&amp;pPersonenGruppe=3\">Ingolf Christian<\/a>&nbsp;(<a href=\"https:\/\/www.researchgate.net\/profile\/Ingolf-Christian\">ResearchGate<\/a>)<\/p>\n\n\n\n<p>\u00a9 IAM \u2013 TUGraz 2026<\/p>\n","protected":false},"excerpt":{"rendered":"<p>Subproject Leader:Milena Stavric&nbsp;(ResearchGate) Project Members:Julian Jauk&nbsp;(ResearchGate)Hana Vasatko&nbsp;(ResearchGate)Lukas Gosch&nbsp;(ResearchGate) Student Project AssistentBenedikt KieferBernd HauseggerPatrick VinickiIvan Marjanovi\u0107Kilian HoffmannKilian Kleibel-McGeeCornelia OttGiulia CarlettiKristian RistoskiNera D\u017eani\u0107Thomas Tunariu External Consultant:Ingolf Christian&nbsp;(ResearchGate) \u00a9 IAM \u2013 TUGraz 2026<\/p>\n","protected":false},"author":1,"featured_media":0,"parent":0,"menu_order":0,"comment_status":"closed","ping_status":"closed","template":"","meta":{"footnotes":""},"class_list":["post-60","page","type-page","status-publish","hentry"],"_links":{"self":[{"href":"https:\/\/iam.tugraz.at\/research\/shapelab\/wp-json\/wp\/v2\/pages\/60","targetHints":{"allow":["GET"]}}],"collection":[{"href":"https:\/\/iam.tugraz.at\/research\/shapelab\/wp-json\/wp\/v2\/pages"}],"about":[{"href":"https:\/\/iam.tugraz.at\/research\/shapelab\/wp-json\/wp\/v2\/types\/page"}],"author":[{"embeddable":true,"href":"https:\/\/iam.tugraz.at\/research\/shapelab\/wp-json\/wp\/v2\/users\/1"}],"replies":[{"embeddable":true,"href":"https:\/\/iam.tugraz.at\/research\/shapelab\/wp-json\/wp\/v2\/comments?post=60"}],"version-history":[{"count":11,"href":"https:\/\/iam.tugraz.at\/research\/shapelab\/wp-json\/wp\/v2\/pages\/60\/revisions"}],"predecessor-version":[{"id":1925,"href":"https:\/\/iam.tugraz.at\/research\/shapelab\/wp-json\/wp\/v2\/pages\/60\/revisions\/1925"}],"wp:attachment":[{"href":"https:\/\/iam.tugraz.at\/research\/shapelab\/wp-json\/wp\/v2\/media?parent=60"}],"curies":[{"name":"wp","href":"https:\/\/api.w.org\/{rel}","templated":true}]}}